{"id":1603,"date":"2016-10-02T00:45:36","date_gmt":"2016-10-02T03:45:36","guid":{"rendered":"http:\/\/www.curacavipropiedades.cl\/web\/?page_id=1603"},"modified":"2023-03-17T16:12:40","modified_gmt":"2023-03-17T19:12:40","slug":"quienes-somos","status":"publish","type":"page","link":"https:\/\/www.curacavipropiedades.cl\/web\/quienes-somos\/","title":{"rendered":"Quienes Somos"},"content":{"rendered":"<p><a title=\"Gesti\u00f3n Inmobiliaria, Curacav\u00ed Propiedades\" href=\"http:\/\/www.curacavipropiedades.cl\"><strong>Curacav\u00ed Propiedades<\/strong><\/a> nace de la necesidad de una gesti\u00f3n inmobiliaria profesional, eficiente y orientada en la calidad y atenci\u00f3n personalizada a cada uno de nuestros clientes dentro de la Region Metropolitana y V Region.<\/p>\n<p>Ofrecemos la tradicional gesti\u00f3n de corretaje en compra y venta de bienes raices, arriendos y administraciones, ademas de los servicios de tasaciones, regularizaciones, topograf\u00edas, subdivisiones, proyectos de arquitectura y construcci\u00f3n, adem\u00e1s de asesor\u00eda legal, tributaria y de inversiones. Para todo ello contamos con el mejor equipo multidisciplinario y equipo de ventas con un trato personalizado para que su experiencia sea la mejor.<\/p>\n<p>Lo invitamos a confiarnos sus propiedades y proyectos inmobiliarios.<\/p>\n\t\t<div style=\"width:800px;height:300px;margin-bottom:10px;margin:0px auto;\">\r\n\t\t\t<div style=\"margin: auto; line-height: 40px; font-size: 14px; color: #FFF; padding: 15px; background: #E74C3C; margin: 20px 0px;\">\r\n\t\t\t\tRevolution Slider Error: Slider with alias <strong>ciudades<\/strong> not found.\t\t\t<\/div>\r\n\t\t<\/div>\r\n\t\t<script type=\"text\/javascript\">\r\n\t\t\tjQuery(document).ready(function(){\r\n\t\t\t\tjQuery(\".rev_slider\").show();\r\n\t\t\t});\r\n\t\t<\/script>\r\n\t\t\n<p>&nbsp;<\/p>\n<p>&nbsp;<\/p>\n","protected":false},"excerpt":{"rendered":"<p>Curacav\u00ed Propiedades nace de la necesidad de una gesti\u00f3n inmobiliaria profesional, eficiente y orientada en la calidad y atenci\u00f3n personalizada a cada uno de nuestros clientes dentro de la Region Metropolitana y V Region. Ofrecemos la tradicional gesti\u00f3n de corretaje en compra y venta de bienes raices, arriendos y administraciones, ademas de los servicios de [&hellip;]<\/p>\n","protected":false},"author":1,"featured_media":0,"parent":0,"menu_order":0,"comment_status":"closed","ping_status":"closed","template":"page-fullwidth.php","meta":{"footnotes":""},"_links":{"self":[{"href":"https:\/\/www.curacavipropiedades.cl\/web\/wp-json\/wp\/v2\/pages\/1603"}],"collection":[{"href":"https:\/\/www.curacavipropiedades.cl\/web\/wp-json\/wp\/v2\/pages"}],"about":[{"href":"https:\/\/www.curacavipropiedades.cl\/web\/wp-json\/wp\/v2\/types\/page"}],"author":[{"embeddable":true,"href":"https:\/\/www.curacavipropiedades.cl\/web\/wp-json\/wp\/v2\/users\/1"}],"replies":[{"embeddable":true,"href":"https:\/\/www.curacavipropiedades.cl\/web\/wp-json\/wp\/v2\/comments?post=1603"}],"version-history":[{"count":3,"href":"https:\/\/www.curacavipropiedades.cl\/web\/wp-json\/wp\/v2\/pages\/1603\/revisions"}],"predecessor-version":[{"id":4154,"href":"https:\/\/www.curacavipropiedades.cl\/web\/wp-json\/wp\/v2\/pages\/1603\/revisions\/4154"}],"wp:attachment":[{"href":"https:\/\/www.curacavipropiedades.cl\/web\/wp-json\/wp\/v2\/media?parent=1603"}],"curies":[{"name":"wp","href":"https:\/\/api.w.org\/{rel}","templated":true}]}}