{"id":60,"date":"2013-05-09T11:39:32","date_gmt":"2013-05-09T11:39:32","guid":{"rendered":"http:\/\/realia.wp\/?page_id=60"},"modified":"2025-02-10T17:40:27","modified_gmt":"2025-02-10T20:40:27","slug":"contacto","status":"publish","type":"page","link":"https:\/\/www.curacavipropiedades.cl\/web\/contacto\/","title":{"rendered":"Contacto"},"content":{"rendered":"<div class=\"row\">\n<div class=\"span3\">\n<h3 class=\"address\">Direcci\u00f3n<\/h3>\n<p class=\"content-icon-spacing\">Parcela N\u00b0 3 Alto Curacav\u00ed, Curacav\u00ed<\/p>\n<\/div>\n<div class=\"span3\">\n<h3 class=\"call-us\">Tel\u00e9fono<\/h3>\n<p class=\"content-icon-spacing\"><a href=\"tel:+56976189100\">+56 9 76189100<\/a><\/p>\n<\/div>\n<div class=\"span3\">\n<h3 class=\"email\">Email<\/h3>\n<p>curacavipropiedades@gmail.com<\/p>\n<\/div>\n<\/div>\n<h2>Escr\u00edbenos<\/h2>\n<div class=\"contact-form\">\n<div class=\"wpcf7 no-js\" id=\"wpcf7-f28-o1\" lang=\"en-US\" dir=\"ltr\">\n<div class=\"screen-reader-response\"><p role=\"status\" aria-live=\"polite\" aria-atomic=\"true\"><\/p> <ul><\/ul><\/div>\n<form action=\"\/web\/wp-json\/wp\/v2\/pages\/60#wpcf7-f28-o1\" method=\"post\" class=\"wpcf7-form init\" aria-label=\"Contact form\" novalidate=\"novalidate\" data-status=\"init\">\n<div style=\"display: none;\">\n<input type=\"hidden\" name=\"_wpcf7\" value=\"28\" \/>\n<input type=\"hidden\" name=\"_wpcf7_version\" value=\"5.9.8\" \/>\n<input type=\"hidden\" name=\"_wpcf7_locale\" value=\"en_US\" \/>\n<input type=\"hidden\" name=\"_wpcf7_unit_tag\" value=\"wpcf7-f28-o1\" \/>\n<input type=\"hidden\" name=\"_wpcf7_container_post\" value=\"0\" \/>\n<input type=\"hidden\" name=\"_wpcf7_posted_data_hash\" value=\"\" \/>\n<input type=\"hidden\" name=\"_wpcf7_recaptcha_response\" value=\"\" \/>\n<\/div>\n<div class=\"control-group name\">\n\t<div>\n\t\t<p><label class=\"control-label\">Nombre<span class=\"form-required\" title=\"Obligatorio.\">*<\/span><\/label>\n\t\t<\/p>\n\t<\/div>\n\t<div class=\"controls\">\n\t\t<p><span class=\"wpcf7-form-control-wrap\" data-name=\"tu-nombre\"><input size=\"40\" maxlength=\"400\" class=\"wpcf7-form-control wpcf7-text wpcf7-validates-as-required\" aria-required=\"true\" aria-invalid=\"false\" value=\"\" type=\"text\" name=\"tu-nombre\" \/><\/span>\n\t\t<\/p>\n\t<\/div><!-- \/.controls -->\n<\/div><!-- \/.control-group -->\n<div class=\"control-group email\">\n\t<div>\n\t\t<p><label class=\"control-label\">Email<span class=\"form-required\" title=\"Obligatorio.\">*<\/span><\/label>\n\t\t<\/p>\n\t<\/div>\n\t<div class=\"controls\">\n\t\t<p><span class=\"wpcf7-form-control-wrap\" data-name=\"tu-email\"><input size=\"40\" maxlength=\"400\" class=\"wpcf7-form-control wpcf7-email wpcf7-validates-as-required wpcf7-text wpcf7-validates-as-email\" aria-required=\"true\" aria-invalid=\"false\" value=\"\" type=\"email\" name=\"tu-email\" \/><\/span>\n\t\t<\/p>\n\t<\/div><!-- \/.controls -->\n<\/div><!-- \/.control-group -->\n<div class=\"control-group\">\n\t<div>\n\t\t<p><label class=\"control-label\">Mensaje<span class=\"form-required\" title=\"Obligatorio.\">*<\/span><\/label>\n\t\t<\/p>\n\t<\/div>\n\t<div class=\"controls\">\n\t\t<p><span class=\"wpcf7-form-control-wrap\" data-name=\"tu-mensaje\"><textarea cols=\"40\" rows=\"10\" maxlength=\"2000\" class=\"wpcf7-form-control wpcf7-textarea\" aria-invalid=\"false\" name=\"tu-mensaje\"><\/textarea><\/span>\n\t\t<\/p>\n\t<\/div><!-- \/.controls -->\n<\/div><!-- \/.control-group -->\n<div class=\"form-actions\">\n\t<p><input type=\"submit\" class=\"btn btn-primary arrow-right\" value=\"Enviar\" \/>\n\t<\/p>\n<\/div><!-- \/.form-actions --><div class=\"wpcf7-response-output\" aria-hidden=\"true\"><\/div>\n<\/form>\n<\/div>\n<\/div>\n\n\n<figure class=\"wp-block-gallery has-nested-images columns-default is-cropped wp-block-gallery-1 is-layout-flex wp-block-gallery-is-layout-flex\">\n<figure class=\"wp-block-image size-large\"><img loading=\"lazy\" decoding=\"async\" width=\"1024\" height=\"1024\" data-id=\"4541\" src=\"https:\/\/www.curacavipropiedades.cl\/web\/wp-content\/uploads\/2025\/02\/IMG_20250208_172911_928-1024x1024.webp\" alt=\"\" class=\"wp-image-4541\" srcset=\"https:\/\/www.curacavipropiedades.cl\/web\/wp-content\/uploads\/2025\/02\/IMG_20250208_172911_928-1024x1024.webp 1024w, https:\/\/www.curacavipropiedades.cl\/web\/wp-content\/uploads\/2025\/02\/IMG_20250208_172911_928-300x300.webp 300w, https:\/\/www.curacavipropiedades.cl\/web\/wp-content\/uploads\/2025\/02\/IMG_20250208_172911_928-150x150.webp 150w, https:\/\/www.curacavipropiedades.cl\/web\/wp-content\/uploads\/2025\/02\/IMG_20250208_172911_928-768x768.webp 768w, https:\/\/www.curacavipropiedades.cl\/web\/wp-content\/uploads\/2025\/02\/IMG_20250208_172911_928-80x80.webp 80w, https:\/\/www.curacavipropiedades.cl\/web\/wp-content\/uploads\/2025\/02\/IMG_20250208_172911_928.webp 1440w\" sizes=\"(max-width: 1024px) 100vw, 1024px\" \/><\/figure>\n<\/figure>\n","protected":false},"excerpt":{"rendered":"<p>Direcci\u00f3n Parcela N\u00b0 3 Alto Curacav\u00ed, Curacav\u00ed Tel\u00e9fono +56 9 76189100 Email curacavipropiedades@gmail.com Escr\u00edbenos<\/p>\n","protected":false},"author":1,"featured_media":0,"parent":0,"menu_order":0,"comment_status":"closed","ping_status":"closed","template":"","meta":{"footnotes":""},"_links":{"self":[{"href":"https:\/\/www.curacavipropiedades.cl\/web\/wp-json\/wp\/v2\/pages\/60"}],"collection":[{"href":"https:\/\/www.curacavipropiedades.cl\/web\/wp-json\/wp\/v2\/pages"}],"about":[{"href":"https:\/\/www.curacavipropiedades.cl\/web\/wp-json\/wp\/v2\/types\/page"}],"author":[{"embeddable":true,"href":"https:\/\/www.curacavipropiedades.cl\/web\/wp-json\/wp\/v2\/users\/1"}],"replies":[{"embeddable":true,"href":"https:\/\/www.curacavipropiedades.cl\/web\/wp-json\/wp\/v2\/comments?post=60"}],"version-history":[{"count":3,"href":"https:\/\/www.curacavipropiedades.cl\/web\/wp-json\/wp\/v2\/pages\/60\/revisions"}],"predecessor-version":[{"id":4542,"href":"https:\/\/www.curacavipropiedades.cl\/web\/wp-json\/wp\/v2\/pages\/60\/revisions\/4542"}],"wp:attachment":[{"href":"https:\/\/www.curacavipropiedades.cl\/web\/wp-json\/wp\/v2\/media?parent=60"}],"curies":[{"name":"wp","href":"https:\/\/api.w.org\/{rel}","templated":true}]}}